{"id":95,"date":"2019-03-29T19:43:03","date_gmt":"2019-03-29T19:43:03","guid":{"rendered":"https:\/\/www.brillenmacher.com\/wordpress\/?page_id=95"},"modified":"2024-08-20T17:04:52","modified_gmt":"2024-08-20T15:04:52","slug":"impressum","status":"publish","type":"page","link":"https:\/\/www.brillenmacher.com\/wordpress\/impressum\/","title":{"rendered":"Impressum"},"content":{"rendered":"\t\t<div data-elementor-type=\"wp-post\" data-elementor-id=\"95\" class=\"elementor elementor-95\" data-elementor-settings=\"[]\">\n\t\t\t\t\t\t<div class=\"elementor-inner\">\n\t\t\t\t\t\t\t<div class=\"elementor-section-wrap\">\n\t\t\t\t\t\t\t<section class=\"elementor-section elementor-top-section elementor-element elementor-element-77364bb elementor-section-boxed elementor-section-height-default elementor-section-height-default\" data-id=\"77364bb\" data-element_type=\"section\">\n\t\t\t\t\t\t<div class=\"elementor-container elementor-column-gap-default\">\n\t\t\t\t\t\t\t<div class=\"elementor-row\">\n\t\t\t\t\t<div class=\"elementor-column elementor-col-100 elementor-top-column elementor-element elementor-element-83eb7f4\" data-id=\"83eb7f4\" data-element_type=\"column\">\n\t\t\t<div class=\"elementor-column-wrap elementor-element-populated\">\n\t\t\t\t\t\t\t<div class=\"elementor-widget-wrap\">\n\t\t\t\t\t\t<div class=\"elementor-element elementor-element-171fe1c elementor-widget elementor-widget-text-editor\" data-id=\"171fe1c\" data-element_type=\"widget\" data-widget_type=\"text-editor.default\">\n\t\t\t\t<div class=\"elementor-widget-container\">\n\t\t\t\t\t<div class=\"elementor-text-editor elementor-clearfix\"><h1>Impressum<\/h1>\n<p><\/p><\/div>\n\t\t\t\t<\/div>\n\t\t\t\t<\/div>\n\t\t\t\t\t\t<\/div>\n\t\t\t\t\t<\/div>\n\t\t<\/div>\n\t\t\t\t\t\t\t\t<\/div>\n\t\t\t\t\t<\/div>\n\t\t<\/section>\n\t\t\t\t<section class=\"elementor-section elementor-top-section elementor-element elementor-element-953c751 elementor-section-boxed elementor-section-height-default elementor-section-height-default\" data-id=\"953c751\" data-element_type=\"section\">\n\t\t\t\t\t\t<div class=\"elementor-container elementor-column-gap-default\">\n\t\t\t\t\t\t\t<div class=\"elementor-row\">\n\t\t\t\t\t<div class=\"elementor-column elementor-col-33 elementor-top-column elementor-element elementor-element-7e976f7\" data-id=\"7e976f7\" data-element_type=\"column\">\n\t\t\t<div class=\"elementor-column-wrap elementor-element-populated\">\n\t\t\t\t\t\t\t<div class=\"elementor-widget-wrap\">\n\t\t\t\t\t\t<div class=\"elementor-element elementor-element-b1e9f59 elementor-widget elementor-widget-heading\" data-id=\"b1e9f59\" data-element_type=\"widget\" data-widget_type=\"heading.default\">\n\t\t\t\t<div class=\"elementor-widget-container\">\n\t\t\t<h2 class=\"elementor-heading-title elementor-size-default\">Osnabr\u00fcck<\/h2>\t\t<\/div>\n\t\t\t\t<\/div>\n\t\t\t\t<div class=\"elementor-element elementor-element-032a6fd elementor-widget elementor-widget-text-editor\" data-id=\"032a6fd\" data-element_type=\"widget\" data-widget_type=\"text-editor.default\">\n\t\t\t\t<div class=\"elementor-widget-container\">\n\t\t\t\t\t<div class=\"elementor-text-editor elementor-clearfix\"><p>Gro\u00dfe Hamkenstr. 32a-34\u00a0<br \/>49074 Osnabr\u00fcck<br \/>Telefon: +49 541 26126<\/p><p>osnabrueck@brillenmacher.com<\/p><p>Brillenmacher Harbeck e.Kfr.<br \/><span style=\"font-size: 14px;\">Inhaberin: Tina Masur-Harbeck<\/span><\/p><p>Amtsgericht Osnabr\u00fcck<br \/>Registernummer: HRA 201768<\/p><p>USt-IdNr.: DE 310069942<br \/>W-IdNr.: 66\/200\/62303<\/p><\/div>\n\t\t\t\t<\/div>\n\t\t\t\t<\/div>\n\t\t\t\t\t\t<\/div>\n\t\t\t\t\t<\/div>\n\t\t<\/div>\n\t\t\t\t<div class=\"elementor-column elementor-col-33 elementor-top-column elementor-element elementor-element-ce2a756\" data-id=\"ce2a756\" data-element_type=\"column\">\n\t\t\t<div class=\"elementor-column-wrap elementor-element-populated\">\n\t\t\t\t\t\t\t<div class=\"elementor-widget-wrap\">\n\t\t\t\t\t\t<div class=\"elementor-element elementor-element-b7badae elementor-widget elementor-widget-heading\" data-id=\"b7badae\" data-element_type=\"widget\" data-widget_type=\"heading.default\">\n\t\t\t\t<div class=\"elementor-widget-container\">\n\t\t\t<h2 class=\"elementor-heading-title elementor-size-default\">Georgsmarienh\u00fctte<\/h2>\t\t<\/div>\n\t\t\t\t<\/div>\n\t\t\t\t<div class=\"elementor-element elementor-element-9bfbb8a elementor-widget elementor-widget-text-editor\" data-id=\"9bfbb8a\" data-element_type=\"widget\" data-widget_type=\"text-editor.default\">\n\t\t\t\t<div class=\"elementor-widget-container\">\n\t\t\t\t\t<div class=\"elementor-text-editor elementor-clearfix\"><p>Oeseder Str. 83<br \/>49124 Georgsmarienh\u00fctte<br \/>Telefon: +49 5401 44520<\/p><p>georgsmarienhuette@brillenmacher.com<\/p><p>Brillenmacher Harbeck e.Kfr.<br \/><span style=\"font-size: 14px;\">Inhaberin: Tina Masur-Harbeck<\/span><\/p><p>Amtsgericht Osnabr\u00fcck<br \/>Registernummer: HRA 201768<\/p><p>USt-IdNr.: DE 310069942<br \/>W-IdNr.: 66\/200\/62303<\/p><\/div>\n\t\t\t\t<\/div>\n\t\t\t\t<\/div>\n\t\t\t\t\t\t<\/div>\n\t\t\t\t\t<\/div>\n\t\t<\/div>\n\t\t\t\t<div class=\"elementor-column elementor-col-33 elementor-top-column elementor-element elementor-element-1c055e9\" data-id=\"1c055e9\" data-element_type=\"column\">\n\t\t\t<div class=\"elementor-column-wrap elementor-element-populated\">\n\t\t\t\t\t\t\t<div class=\"elementor-widget-wrap\">\n\t\t\t\t\t\t<div class=\"elementor-element elementor-element-2d00d85 elementor-widget elementor-widget-heading\" data-id=\"2d00d85\" data-element_type=\"widget\" data-widget_type=\"heading.default\">\n\t\t\t\t<div class=\"elementor-widget-container\">\n\t\t\t<h2 class=\"elementor-heading-title elementor-size-default\">Wallenhorst<\/h2>\t\t<\/div>\n\t\t\t\t<\/div>\n\t\t\t\t<div class=\"elementor-element elementor-element-d3e202a elementor-widget elementor-widget-text-editor\" data-id=\"d3e202a\" data-element_type=\"widget\" data-widget_type=\"text-editor.default\">\n\t\t\t\t<div class=\"elementor-widget-container\">\n\t\t\t\t\t<div class=\"elementor-text-editor elementor-clearfix\"><p>Rathausallee 3<br>4913 Wallenhorst<br>Telefon: +49 5407 39231<\/p>\n<p>wallenhorst@brillenmacher.com<\/p>\n<p>Brillenmacher R. Harbeck GmbH<br>Inhaberin:&nbsp;Tina Masur-Harbeck<\/p>\n<p>Amtsgericht Osnabr\u00fcck<br>Registernummer: HRB 18154<\/p>\n<p>USt-IdNr.: DE 812121693<br>W-IdNr.: 66\/200\/41918<\/p><\/div>\n\t\t\t\t<\/div>\n\t\t\t\t<\/div>\n\t\t\t\t\t\t<\/div>\n\t\t\t\t\t<\/div>\n\t\t<\/div>\n\t\t\t\t\t\t\t\t<\/div>\n\t\t\t\t\t<\/div>\n\t\t<\/section>\n\t\t\t\t<section class=\"elementor-section elementor-top-section elementor-element elementor-element-582f2e5 elementor-section-boxed elementor-section-height-default elementor-section-height-default\" data-id=\"582f2e5\" data-element_type=\"section\">\n\t\t\t\t\t\t<div class=\"elementor-container elementor-column-gap-default\">\n\t\t\t\t\t\t\t<div class=\"elementor-row\">\n\t\t\t\t\t<div class=\"elementor-column elementor-col-100 elementor-top-column elementor-element elementor-element-9e17cb3\" data-id=\"9e17cb3\" data-element_type=\"column\">\n\t\t\t<div class=\"elementor-column-wrap elementor-element-populated\">\n\t\t\t\t\t\t\t<div class=\"elementor-widget-wrap\">\n\t\t\t\t\t\t<div class=\"elementor-element elementor-element-a8a6c8d elementor-widget elementor-widget-text-editor\" data-id=\"a8a6c8d\" data-element_type=\"widget\" data-widget_type=\"text-editor.default\">\n\t\t\t\t<div class=\"elementor-widget-container\">\n\t\t\t\t\t<div class=\"elementor-text-editor elementor-clearfix\"><h2 style=\"font-variant-ligatures: normal; font-variant-caps: normal; font-family: Roboto, sans-serif; font-style: normal;\">Berufsbezeichnung und berufsrechtliche Regelungen<\/h2><p style=\"font-variant-ligatures: normal; font-variant-caps: normal; font-family: Roboto, sans-serif; font-size: 14px; font-style: normal; font-weight: 400;\"><span style=\"font-size: 14px; font-weight: bold;\">Augenoptikermeister\/in<\/span>\u00a0(verliehen in der Bundesrepublik Deutschland)<br \/><span style=\"font-size: 14px;\">Es gelten folgende berufsrechtliche Regelungen: Handwerksordnung<br \/><\/span><span style=\"font-size: 14px;\">Regelungen einsehbar unter: http:\/\/www,gesetze-im-internet.de\/bundesrecht\/hwo\/gesamt.pdf<br \/><\/span><span style=\"font-size: 14px;\">(zu finden im Bundesgesetzblatt 1, Seite 3074 in der Fassung vom 24.September 1998<\/span><\/p><\/div>\n\t\t\t\t<\/div>\n\t\t\t\t<\/div>\n\t\t\t\t\t\t<\/div>\n\t\t\t\t\t<\/div>\n\t\t<\/div>\n\t\t\t\t\t\t\t\t<\/div>\n\t\t\t\t\t<\/div>\n\t\t<\/section>\n\t\t\t\t<section class=\"elementor-section elementor-top-section elementor-element elementor-element-eaf3cd0 elementor-section-boxed elementor-section-height-default elementor-section-height-default\" data-id=\"eaf3cd0\" data-element_type=\"section\">\n\t\t\t\t\t\t<div class=\"elementor-container elementor-column-gap-default\">\n\t\t\t\t\t\t\t<div class=\"elementor-row\">\n\t\t\t\t\t<div class=\"elementor-column elementor-col-100 elementor-top-column elementor-element elementor-element-c181306\" data-id=\"c181306\" data-element_type=\"column\">\n\t\t\t<div class=\"elementor-column-wrap elementor-element-populated\">\n\t\t\t\t\t\t\t<div class=\"elementor-widget-wrap\">\n\t\t\t\t\t\t<div class=\"elementor-element elementor-element-8dbc874 elementor-widget elementor-widget-text-editor\" data-id=\"8dbc874\" data-element_type=\"widget\" data-widget_type=\"text-editor.default\">\n\t\t\t\t<div class=\"elementor-widget-container\">\n\t\t\t\t\t<div class=\"elementor-text-editor elementor-clearfix\"><h2 style=\"font-variant-ligatures: normal; font-variant-caps: normal; font-family: Roboto, sans-serif; font-style: normal;\">Zust\u00e4ndige Kammer<\/h2><p style=\"font-variant-ligatures: normal; font-variant-caps: normal; font-family: Roboto, sans-serif; font-size: 14px; font-style: normal; font-weight: 400;\">Handwerkskammer Osnabr\u00fcck-Emsland-Grafschaft Bentheim<br \/><span style=\"font-size: 14px;\">Bramscher Str. 134<br \/><\/span><span style=\"font-size: 14px;\">49088 Osnabr\u00fcck<br \/><\/span><span style=\"font-size: 14px;\">www.hwk-osnabrueck.de<\/span><\/p><\/div>\n\t\t\t\t<\/div>\n\t\t\t\t<\/div>\n\t\t\t\t\t\t<\/div>\n\t\t\t\t\t<\/div>\n\t\t<\/div>\n\t\t\t\t\t\t\t\t<\/div>\n\t\t\t\t\t<\/div>\n\t\t<\/section>\n\t\t\t\t<section class=\"elementor-section elementor-top-section elementor-element elementor-element-46d5458 elementor-section-boxed elementor-section-height-default elementor-section-height-default\" data-id=\"46d5458\" data-element_type=\"section\">\n\t\t\t\t\t\t<div class=\"elementor-container elementor-column-gap-default\">\n\t\t\t\t\t\t\t<div class=\"elementor-row\">\n\t\t\t\t\t<div class=\"elementor-column elementor-col-100 elementor-top-column elementor-element elementor-element-786a561\" data-id=\"786a561\" data-element_type=\"column\">\n\t\t\t<div class=\"elementor-column-wrap elementor-element-populated\">\n\t\t\t\t\t\t\t<div class=\"elementor-widget-wrap\">\n\t\t\t\t\t\t<div class=\"elementor-element elementor-element-f1e0f99 elementor-widget elementor-widget-text-editor\" data-id=\"f1e0f99\" data-element_type=\"widget\" data-widget_type=\"text-editor.default\">\n\t\t\t\t<div class=\"elementor-widget-container\">\n\t\t\t\t\t<div class=\"elementor-text-editor elementor-clearfix\"><h2 style=\"font-variant-ligatures: normal; font-variant-caps: normal; font-family: Roboto, sans-serif; font-style: normal;\">Berufshaftpflichtversicherung<\/h2><p style=\"font-variant-ligatures: normal; font-variant-caps: normal; font-family: Roboto, sans-serif; font-size: 14px; font-style: normal; font-weight: 400;\"><span style=\"font-size: 14px;\">PROVINZIAL Versicherung<br \/><\/span><span style=\"font-size: 14px;\">Hauptstr. 22<br \/><\/span><span style=\"font-size: 14px;\">32457 Porta Westfalica<\/span><\/p><\/div>\n\t\t\t\t<\/div>\n\t\t\t\t<\/div>\n\t\t\t\t\t\t<\/div>\n\t\t\t\t\t<\/div>\n\t\t<\/div>\n\t\t\t\t\t\t\t\t<\/div>\n\t\t\t\t\t<\/div>\n\t\t<\/section>\n\t\t\t\t<section class=\"elementor-section elementor-top-section elementor-element elementor-element-eb73a4b elementor-section-boxed elementor-section-height-default elementor-section-height-default\" data-id=\"eb73a4b\" data-element_type=\"section\">\n\t\t\t\t\t\t<div class=\"elementor-container elementor-column-gap-default\">\n\t\t\t\t\t\t\t<div class=\"elementor-row\">\n\t\t\t\t\t<div class=\"elementor-column elementor-col-100 elementor-top-column elementor-element elementor-element-40851de\" data-id=\"40851de\" data-element_type=\"column\">\n\t\t\t<div class=\"elementor-column-wrap elementor-element-populated\">\n\t\t\t\t\t\t\t<div class=\"elementor-widget-wrap\">\n\t\t\t\t\t\t<div class=\"elementor-element elementor-element-e8eb5c8 elementor-widget elementor-widget-text-editor\" data-id=\"e8eb5c8\" data-element_type=\"widget\" data-widget_type=\"text-editor.default\">\n\t\t\t\t<div class=\"elementor-widget-container\">\n\t\t\t\t\t<div class=\"elementor-text-editor elementor-clearfix\"><p><span style=\"font-family: Roboto, sans-serif; font-size: 14px; font-style: normal; font-variant-ligatures: normal; font-variant-caps: normal; font-weight: 400;\">Haftungshinweis: Trotz sorgf\u00e4ltiger inhaltlicher Kontrolle \u00fcbernehmen wir keine Haftung f\u00fcr die Inhalte externer Links. F\u00fcr den Inhalt der verlinkten Seiten sind ausschlie\u00dflich deren Betreiber verantwortlich.<\/span><\/p><\/div>\n\t\t\t\t<\/div>\n\t\t\t\t<\/div>\n\t\t\t\t\t\t<\/div>\n\t\t\t\t\t<\/div>\n\t\t<\/div>\n\t\t\t\t\t\t\t\t<\/div>\n\t\t\t\t\t<\/div>\n\t\t<\/section>\n\t\t\t\t\t\t<\/div>\n\t\t\t\t\t\t<\/div>\n\t\t\t\t\t<\/div>\n\t\t","protected":false},"excerpt":{"rendered":"<p>Impressum Osnabr\u00fcck Gro\u00dfe Hamkenstr. 32a-34\u00a049074 Osnabr\u00fcckTelefon: +49 541 26126 osnabrueck@brillenmacher.com Brillenmacher Harbeck e.Kfr.Inhaberin: Tina Masur-Harbeck Amtsgericht Osnabr\u00fcckRegisternummer: HRA 201768 USt-IdNr.: DE 310069942W-IdNr.: 66\/200\/62303 Georgsmarienh\u00fctte Oeseder Str. 8349124 Georgsmarienh\u00fctteTelefon: +49 5401 44520 georgsmarienhuette@brillenmacher.com Brillenmacher Harbeck e.Kfr.Inhaberin: Tina Masur-Harbeck Amtsgericht Osnabr\u00fcckRegisternummer: HRA 201768 USt-IdNr.: DE 310069942W-IdNr.: 66\/200\/62303 Wallenhorst Rathausallee 34913 WallenhorstTelefon: +49 5407 39231 wallenhorst@brillenmacher.com Brillenmacher R. [&hellip;]<\/p>\n","protected":false},"author":1,"featured_media":0,"parent":0,"menu_order":0,"comment_status":"closed","ping_status":"closed","template":"","meta":{"footnotes":""},"class_list":["post-95","page","type-page","status-publish","hentry","entry"],"_links":{"self":[{"href":"https:\/\/www.brillenmacher.com\/wordpress\/wp-json\/wp\/v2\/pages\/95","targetHints":{"allow":["GET"]}}],"collection":[{"href":"https:\/\/www.brillenmacher.com\/wordpress\/wp-json\/wp\/v2\/pages"}],"about":[{"href":"https:\/\/www.brillenmacher.com\/wordpress\/wp-json\/wp\/v2\/types\/page"}],"author":[{"embeddable":true,"href":"https:\/\/www.brillenmacher.com\/wordpress\/wp-json\/wp\/v2\/users\/1"}],"replies":[{"embeddable":true,"href":"https:\/\/www.brillenmacher.com\/wordpress\/wp-json\/wp\/v2\/comments?post=95"}],"version-history":[{"count":14,"href":"https:\/\/www.brillenmacher.com\/wordpress\/wp-json\/wp\/v2\/pages\/95\/revisions"}],"predecessor-version":[{"id":1748,"href":"https:\/\/www.brillenmacher.com\/wordpress\/wp-json\/wp\/v2\/pages\/95\/revisions\/1748"}],"wp:attachment":[{"href":"https:\/\/www.brillenmacher.com\/wordpress\/wp-json\/wp\/v2\/media?parent=95"}],"curies":[{"name":"wp","href":"https:\/\/api.w.org\/{rel}","templated":true}]}}